{"id":16,"date":"2022-10-17T09:02:18","date_gmt":"2022-10-17T07:02:18","guid":{"rendered":"https:\/\/bus.mueckenhausen.de\/?page_id=16"},"modified":"2023-08-17T07:40:10","modified_gmt":"2023-08-17T05:40:10","slug":"fundsachen","status":"publish","type":"page","link":"https:\/\/mueckenhausen.de\/bus\/fundsachen\/","title":{"rendered":"Fundsachen"},"content":{"rendered":"<section class=\"l-section wpb_row height_medium\"><div class=\"l-section-h i-cf\"><div class=\"g-cols vc_row via_flex valign_middle type_default reversed stacking_default\"><div class=\"vc_col-sm-2 wpb_column vc_column_container\"><div class=\"vc_column-inner\"><div class=\"wpb_wrapper\"><\/div><\/div><\/div><div class=\"vc_col-sm-8 wpb_column vc_column_container\"><div class=\"vc_column-inner\"><div class=\"wpb_wrapper\"><div class=\"wpb_text_column\"><div class=\"wpb_wrapper\"><div class=\"pagemaker-element first-element text-element\" data-elementtype=\"TEXT\" data-orderid=\"1\">\n<div class=\"elementWrapper\">\n<div class=\"wrapperContent\" data-shortuuid=\"iq24CMO700\">\n<h2 data-shortuuid=\"iq24CMO7000\">Wenn der ber\u00fchmte Regenschirm im Bus verbleibt&#8230;<\/h2>\n<div class=\"pagemaker-element first-element text-element\" data-elementtype=\"TEXT\" data-orderid=\"1\">\n<div class=\"elementWrapper\">\n<div class=\"wrapperContent\" data-shortuuid=\"iq24CMO700\">\n<p data-shortuuid=\"iq24CMO7000\">&#8230; oder der Schl\u00fcssel, oder der Geldbeutel&#8230;Von A bis Z &#8211; t\u00e4glich bleiben die verschiedensten Gegenst\u00e4nde in einer Vielzahl unserer Busse liegen. Mit eurer Hilfe sorgen wir daf\u00fcr, dass alles so schnell wie m\u00f6glich wieder dahin kommt, wo es hin geh\u00f6rt!<\/p>\n<\/div>\n<\/div>\n<\/div>\n<\/div>\n<\/div>\n<\/div>\n<\/div><\/div><div class=\"w-separator size_small\"><\/div><div class=\"w-btn-wrapper align_none hide_on_tablets hide_on_mobiles\"><a class=\"w-btn us-btn-style_3\" href=\"#fundbuero\"><span class=\"w-btn-label\">Verlorenes wiederfinden!<\/span><\/a><\/div><\/div><\/div><\/div><div class=\"vc_col-sm-2 wpb_column vc_column_container\"><div class=\"vc_column-inner\"><div class=\"wpb_wrapper\"><\/div><\/div><\/div><\/div><\/div><\/section><section class=\"l-section wpb_row hide_on_tablets hide_on_mobiles height_medium width_full with_img\" id=\"fundbuero\"><div class=\"l-section-img\" role=\"img\" data-img-width=\"1600\" data-img-height=\"1067\" style=\"background-image: url(https:\/\/mueckenhausen.de\/bus\/wp-content\/uploads\/sites\/4\/2023\/04\/Mueckenhausen-Oldtimer-Bus.webp);background-repeat: no-repeat;\"><\/div><div class=\"l-section-overlay\" style=\"background:rgba(255,255,255,0.80)\"><\/div><div class=\"l-section-h i-cf\"><div class=\"g-cols vc_row via_flex valign_top type_default stacking_default\"><div class=\"vc_col-sm-3 wpb_column vc_column_container\"><div class=\"vc_column-inner\"><div class=\"wpb_wrapper\"><\/div><\/div><\/div><div class=\"vc_col-sm-6 vc_col-xs-12 wpb_column vc_column_container contact-form\"><div class=\"vc_column-inner us_custom_39e41901\"><div class=\"wpb_wrapper\"><div class=\"wpb_text_column\"><div class=\"wpb_wrapper\"><div class=\"pagemaker-element first-element text-element\" data-elementtype=\"TEXT\" data-orderid=\"1\">\n<div class=\"elementWrapper\">\n<div class=\"wrapperContent\" data-shortuuid=\"iq24CMO700\">\n<h2 data-shortuuid=\"iq24CMO7000\">Jetzt Verlorenes wiederfinden!<\/h2>\n<div class=\"pagemaker-element first-element text-element\" data-elementtype=\"TEXT\" data-orderid=\"1\">\n<div class=\"elementWrapper\">\n<div class=\"wrapperContent\" data-shortuuid=\"iq24CMO700\">\n<p data-shortuuid=\"iq24CMO7000\">Bitte f\u00fcllt das folgende Formular so detailliert wie m\u00f6glich aus. Nur mit diesen Informationen ist es uns m\u00f6glich, jeder Person ihre verloren gegangenen Gegenst\u00e4nde wieder korrekt zuzuordnen. Nach Abschicken des Formulars melden wir uns in K\u00fcrze bei euch, wie die weiteren Schritte aussehen und wo und wann ihr euer Hab und Gut zur\u00fcckerhaltet.<\/p>\n<p data-shortuuid=\"iq24CMO7000\">Vielen Dank f\u00fcr eure Unterst\u00fctzung!<\/p>\n<\/div>\n<\/div>\n<\/div>\n<\/div>\n<\/div>\n<\/div>\n<\/div><\/div><div class=\"w-separator size_small\"><\/div><form class=\"w-form  layout_ver for_cform us_form_1\" autocomplete=\"off\" action=\"https:\/\/mueckenhausen.de\/bus\/bus\/wp-json\/wp\/v2\/pages\/16\" method=\"post\"><div class=\"w-form-h\"><div class=\"w-form-row for_text has_label required cols_2\">\r\n\t\t\t<div class=\"w-form-row-label\">\r\n\t\t\t<span>Name *<\/span>\r\n\t\t<\/div>\r\n\t\t<div class=\"w-form-row-field\">\r\n\t\t\t\t\t\t<input aria-label=\"Name\" type=\"text\" name=\"us_form_1_text_1\" value placeholder data-required=\"true\" aria-required=\"true\"\/>\r\n\t\t\t<\/div>\r\n\t\t<div class=\"w-form-row-state\">Bitte f\u00fcllen Sie dieses Feld aus.<\/div>\r\n<\/div>\r\n<div class=\"w-form-row for_email has_label required cols_2\">\r\n\t\t\t<div class=\"w-form-row-label\">\r\n\t\t\t<span>E-Mail *<\/span>\r\n\t\t<\/div>\r\n\t\t<div class=\"w-form-row-field\">\r\n\t\t\t\t\t\t<input aria-label=\"E-Mail\" type=\"email\" name=\"us_form_1_email_1\" value placeholder data-required=\"true\" aria-required=\"true\"\/>\r\n\t\t\t<\/div>\r\n\t\t<div class=\"w-form-row-state\">Bitte gib eine g\u00fcltige E-Mail-Adresse ein.<\/div>\r\n<\/div>\r\n<div class=\"w-form-row for_text has_label required cols_2\">\r\n\t\t\t<div class=\"w-form-row-label\">\r\n\t\t\t<span>An welcher Haltestelle begann die Fahrt? *<\/span>\r\n\t\t<\/div>\r\n\t\t<div class=\"w-form-row-field\">\r\n\t\t\t\t\t\t<input aria-label=\"An welcher Haltestelle begann die Fahrt?\" type=\"text\" name=\"us_form_1_text_2\" value placeholder data-required=\"true\" aria-required=\"true\"\/>\r\n\t\t\t<\/div>\r\n\t\t<div class=\"w-form-row-state\">Bitte f\u00fcllen Sie dieses Feld aus.<\/div>\r\n<\/div>\r\n<div class=\"w-form-row for_text has_label required cols_2\">\r\n\t\t\t<div class=\"w-form-row-label\">\r\n\t\t\t<span>An welcher Haltestelle endete die Fahrt? *<\/span>\r\n\t\t<\/div>\r\n\t\t<div class=\"w-form-row-field\">\r\n\t\t\t\t\t\t<input aria-label=\"An welcher Haltestelle endete die Fahrt?\" type=\"text\" name=\"us_form_1_text_3\" value placeholder data-required=\"true\" aria-required=\"true\"\/>\r\n\t\t\t<\/div>\r\n\t\t<div class=\"w-form-row-state\">Bitte f\u00fcllen Sie dieses Feld aus.<\/div>\r\n<\/div>\r\n<div class=\"w-form-row for_date has_label required\">\r\n\t\t\t<div class=\"w-form-row-label\">\r\n\t\t\t<span>An welchem Tag fand die Busfahrt statt? *<\/span>\r\n\t\t<\/div>\r\n\t\t<div class=\"w-form-row-field\">\r\n\t\t\t\t\t\t<input type=\"text\" name=\"us_form_1_date_1\" value inputmode=\"none\" data-date-format=\"d MM yy\" aria-label=\"An welchem Tag fand die Busfahrt statt?\" placeholder data-required=\"true\" aria-required=\"true\"\/>\r\n\t\t\t<\/div>\r\n\t\t<div class=\"w-form-row-state\">Bitte f\u00fcllen Sie dieses Feld aus.<\/div>\r\n<\/div>\r\n<div class=\"w-form-row for_text has_label required cols_2\">\r\n\t\t\t<div class=\"w-form-row-label\">\r\n\t\t\t<span>Von (ca.): *<\/span>\r\n\t\t<\/div>\r\n\t\t<div class=\"w-form-row-field\">\r\n\t\t\t\t\t\t<input aria-label=\"Von (ca.):\" type=\"text\" name=\"us_form_1_text_4\" value placeholder=\"z.B. &quot;15:00 Uhr&quot;\" data-required=\"true\" aria-required=\"true\"\/>\r\n\t\t\t<\/div>\r\n\t\t<div class=\"w-form-row-state\">Bitte f\u00fcllen Sie dieses Feld aus.<\/div>\r\n<\/div>\r\n<div class=\"w-form-row for_text has_label required cols_2\">\r\n\t\t\t<div class=\"w-form-row-label\">\r\n\t\t\t<span>Bis (ca.): *<\/span>\r\n\t\t<\/div>\r\n\t\t<div class=\"w-form-row-field\">\r\n\t\t\t\t\t\t<input aria-label=\"Bis (ca.):\" type=\"text\" name=\"us_form_1_text_5\" value placeholder=\"z.B. &quot;17:00 Uhr&quot;\" data-required=\"true\" aria-required=\"true\"\/>\r\n\t\t\t<\/div>\r\n\t\t<div class=\"w-form-row-state\">Bitte f\u00fcllen Sie dieses Feld aus.<\/div>\r\n<\/div>\r\n<div class=\"w-form-row for_textarea has_label required\">\r\n\t\t\t<div class=\"w-form-row-label\">\r\n\t\t\t<span>Was wurde verloren? *<\/span>\r\n\t\t<\/div>\r\n\t\t<div class=\"w-form-row-field\">\r\n\t\t\t\t\t\t<textarea aria-label=\"Was wurde verloren?\" name=\"us_form_1_textarea_1\" placeholder=\"Bitte hier auch gerne Details nennen, z.B. zum Sitzplatz, Gr\u00f6\u00dfe und Farbe des verlorenen Gegenstands.\" data-required=\"true\" aria-required=\"true\"><\/textarea>\r\n\t\t\t<\/div>\r\n\t\t<div class=\"w-form-row-state\">Bitte f\u00fcllen Sie dieses Feld aus.<\/div>\r\n<\/div>\r\n<div class=\"w-form-row for_agreement required\">\r\n\t\t<div class=\"w-form-row-field\">\r\n\t\t\t\t<label>\r\n\t\t\t<input type=\"checkbox\" value=\"1\" data-required=\"true\" aria-required=\"true\" name=\"us_form_1_agreement_1\"\/>\r\n\t\t\t<span>Ich stimme zu, dass meine Angaben aus dem Kontaktformular zur Beantwortung meiner Anfrage erhoben und verarbeitet werden. Die Daten werden nach abgeschlossener Bearbeitung Ihrer Anfrage gel\u00f6scht. Hinweis: Sie k\u00f6nnen Ihre Einwilligung jederzeit f\u00fcr die Zukunft per E-Mail unter bus@mueckenhausen.de widerrufen. Detaillierte Informationen zum Umgang mit Nutzerdaten finden Sie in unserer Datenschutzerkl\u00e4rung.*<\/span>\r\n\t\t<\/label>\r\n\t\t\t<\/div>\r\n\t\t<div class=\"w-form-row-state\">Sie m\u00fcssen den Bedingungen zustimmen, um fortzufahren.<\/div>\r\n<\/div>\r\n<input type=\"hidden\" name=\"action\" value=\"us_ajax_cform\" \/>\r\n<input type=\"hidden\" name=\"post_id\" value=\"0\" \/>\r\n<input type=\"hidden\" name=\"form_index\" value=\"1\" \/>\r\n<div class=\"w-form-row for_submit  align_none\">\r\n\t<button class=\"w-btn  us-btn-style_1\" aria-label=\"Absenden\" type=\"submit\">\r\n\t\t<span class=\"g-preloader type_1\"><\/span>\r\n\t\t\t\t<span class=\"w-btn-label\">Absenden<\/span>\r\n\t\t\t<\/button>\r\n\t<\/div>\r\n<\/div><div class=\"w-form-message\"><\/div><div class=\"w-form-json hidden\" onclick='return {&quot;ajaxurl&quot;:&quot;https:\\\/\\\/mueckenhausen.de\\\/bus\\\/wp-admin\\\/admin-ajax.php&quot;,&quot;messages&quot;:{&quot;err_empty&quot;:&quot;Bitte f\\u00fcllen Sie dieses Feld aus.&quot;,&quot;err_size&quot;:&quot;Die Dateigr\\u00f6\\u00dfe darf %s MB nicht \\u00fcberschreiten&quot;,&quot;err_extension&quot;:&quot;Dateityp %s ist nicht zul\\u00e4ssig&quot;}}'><\/div><\/form><\/div><\/div><\/div><div class=\"vc_col-sm-3 wpb_column vc_column_container\"><div class=\"vc_column-inner\"><div class=\"wpb_wrapper\"><\/div><\/div><\/div><\/div><\/div><\/section><section class=\"l-section wpb_row hide_on_default hide_on_laptops height_medium width_full\" id=\"fundbuero-mobil\"><div class=\"l-section-overlay\" style=\"background:var(--color-content-border)\"><\/div><div class=\"l-section-h i-cf\"><div class=\"g-cols vc_row via_flex valign_top type_default stacking_default\"><div class=\"vc_col-sm-12 wpb_column vc_column_container contact-form-mobile\"><div class=\"vc_column-inner\"><div class=\"wpb_wrapper\"><div class=\"wpb_text_column\"><div class=\"wpb_wrapper\"><div class=\"pagemaker-element first-element text-element\" data-elementtype=\"TEXT\" data-orderid=\"1\">\n<div class=\"elementWrapper\">\n<div class=\"wrapperContent\" data-shortuuid=\"iq24CMO700\">\n<h2 data-shortuuid=\"iq24CMO7000\">Jetzt Verlorenes wiederfinden!<\/h2>\n<div class=\"pagemaker-element first-element text-element\" data-elementtype=\"TEXT\" data-orderid=\"1\">\n<div class=\"elementWrapper\">\n<div class=\"wrapperContent\" data-shortuuid=\"iq24CMO700\">\n<p data-shortuuid=\"iq24CMO7000\">Bitte f\u00fcllt das folgende Formular so detailliert wie m\u00f6glich aus. Nur mit diesen Informationen ist es uns m\u00f6glich, jeder Person ihre verloren gegangenen Gegenst\u00e4nde wieder korrekt zuzuordnen. Nach Abschicken des Formulars melden wir uns in K\u00fcrze bei euch, wie die weiteren Schritte aussehen und wo und wann ihr euer Hab und Gut zur\u00fcckerhaltet.<\/p>\n<p data-shortuuid=\"iq24CMO7000\">Vielen Dank f\u00fcr eure Unterst\u00fctzung!<\/p>\n<\/div>\n<\/div>\n<\/div>\n<\/div>\n<\/div>\n<\/div>\n<\/div><\/div><div class=\"w-separator size_small\"><\/div><form class=\"w-form  layout_ver for_cform us_form_2\" autocomplete=\"off\" action=\"https:\/\/mueckenhausen.de\/bus\/bus\/wp-json\/wp\/v2\/pages\/16\" method=\"post\"><div class=\"w-form-h\"><div class=\"w-form-row for_text has_label required\">\r\n\t\t\t<div class=\"w-form-row-label\">\r\n\t\t\t<span>Name *<\/span>\r\n\t\t<\/div>\r\n\t\t<div class=\"w-form-row-field\">\r\n\t\t\t\t\t\t<input aria-label=\"Name\" type=\"text\" name=\"us_form_2_text_1\" value placeholder data-required=\"true\" aria-required=\"true\"\/>\r\n\t\t\t<\/div>\r\n\t\t<div class=\"w-form-row-state\">Bitte f\u00fcllen Sie dieses Feld aus.<\/div>\r\n<\/div>\r\n<div class=\"w-form-row for_email has_label required\">\r\n\t\t\t<div class=\"w-form-row-label\">\r\n\t\t\t<span>E-Mail *<\/span>\r\n\t\t<\/div>\r\n\t\t<div class=\"w-form-row-field\">\r\n\t\t\t\t\t\t<input aria-label=\"E-Mail\" type=\"email\" name=\"us_form_2_email_1\" value placeholder data-required=\"true\" aria-required=\"true\"\/>\r\n\t\t\t<\/div>\r\n\t\t<div class=\"w-form-row-state\">Bitte gib eine g\u00fcltige E-Mail-Adresse ein.<\/div>\r\n<\/div>\r\n<div class=\"w-form-row for_text has_label required\">\r\n\t\t\t<div class=\"w-form-row-label\">\r\n\t\t\t<span>An welcher Haltestelle begann die Fahrt? *<\/span>\r\n\t\t<\/div>\r\n\t\t<div class=\"w-form-row-field\">\r\n\t\t\t\t\t\t<input aria-label=\"An welcher Haltestelle begann die Fahrt?\" type=\"text\" name=\"us_form_2_text_2\" value placeholder data-required=\"true\" aria-required=\"true\"\/>\r\n\t\t\t<\/div>\r\n\t\t<div class=\"w-form-row-state\">Bitte f\u00fcllen Sie dieses Feld aus.<\/div>\r\n<\/div>\r\n<div class=\"w-form-row for_text has_label required\">\r\n\t\t\t<div class=\"w-form-row-label\">\r\n\t\t\t<span>An welcher Haltestelle endete die Fahrt? *<\/span>\r\n\t\t<\/div>\r\n\t\t<div class=\"w-form-row-field\">\r\n\t\t\t\t\t\t<input aria-label=\"An welcher Haltestelle endete die Fahrt?\" type=\"text\" name=\"us_form_2_text_3\" value placeholder data-required=\"true\" aria-required=\"true\"\/>\r\n\t\t\t<\/div>\r\n\t\t<div class=\"w-form-row-state\">Bitte f\u00fcllen Sie dieses Feld aus.<\/div>\r\n<\/div>\r\n<div class=\"w-form-row for_date has_label required\">\r\n\t\t\t<div class=\"w-form-row-label\">\r\n\t\t\t<span>An welchem Tag fand die Busfahrt statt? *<\/span>\r\n\t\t<\/div>\r\n\t\t<div class=\"w-form-row-field\">\r\n\t\t\t\t\t\t<input type=\"text\" name=\"us_form_2_date_1\" value inputmode=\"none\" data-date-format=\"d MM yy\" aria-label=\"An welchem Tag fand die Busfahrt statt?\" placeholder data-required=\"true\" aria-required=\"true\"\/>\r\n\t\t\t<\/div>\r\n\t\t<div class=\"w-form-row-state\">Bitte f\u00fcllen Sie dieses Feld aus.<\/div>\r\n<\/div>\r\n<div class=\"w-form-row for_text has_label required cols_2\">\r\n\t\t\t<div class=\"w-form-row-label\">\r\n\t\t\t<span>Von (ca.): *<\/span>\r\n\t\t<\/div>\r\n\t\t<div class=\"w-form-row-field\">\r\n\t\t\t\t\t\t<input aria-label=\"Von (ca.):\" type=\"text\" name=\"us_form_2_text_4\" value placeholder=\"z.B. &quot;15:00 Uhr&quot;\" data-required=\"true\" aria-required=\"true\"\/>\r\n\t\t\t<\/div>\r\n\t\t<div class=\"w-form-row-state\">Bitte f\u00fcllen Sie dieses Feld aus.<\/div>\r\n<\/div>\r\n<div class=\"w-form-row for_text has_label required cols_2\">\r\n\t\t\t<div class=\"w-form-row-label\">\r\n\t\t\t<span>Bis (ca.): *<\/span>\r\n\t\t<\/div>\r\n\t\t<div class=\"w-form-row-field\">\r\n\t\t\t\t\t\t<input aria-label=\"Bis (ca.):\" type=\"text\" name=\"us_form_2_text_5\" value placeholder=\"z.B. &quot;17:00 Uhr&quot;\" data-required=\"true\" aria-required=\"true\"\/>\r\n\t\t\t<\/div>\r\n\t\t<div class=\"w-form-row-state\">Bitte f\u00fcllen Sie dieses Feld aus.<\/div>\r\n<\/div>\r\n<div class=\"w-form-row for_textarea has_label required\">\r\n\t\t\t<div class=\"w-form-row-label\">\r\n\t\t\t<span>Was wurde verloren? *<\/span>\r\n\t\t<\/div>\r\n\t\t<div class=\"w-form-row-field\">\r\n\t\t\t\t\t\t<textarea aria-label=\"Was wurde verloren?\" name=\"us_form_2_textarea_1\" placeholder=\"Bitte hier auch gerne Details nennen, z.B. zum Sitzplatz, Gr\u00f6\u00dfe und Farbe des verlorenen Gegenstands.\" data-required=\"true\" aria-required=\"true\"><\/textarea>\r\n\t\t\t<\/div>\r\n\t\t<div class=\"w-form-row-state\">Bitte f\u00fcllen Sie dieses Feld aus.<\/div>\r\n<\/div>\r\n<div class=\"w-form-row for_agreement required\">\r\n\t\t<div class=\"w-form-row-field\">\r\n\t\t\t\t<label>\r\n\t\t\t<input type=\"checkbox\" value=\"1\" data-required=\"true\" aria-required=\"true\" name=\"us_form_2_agreement_1\"\/>\r\n\t\t\t<span>Ich stimme zu, dass meine Angaben aus dem Kontaktformular zur Beantwortung meiner Anfrage erhoben und verarbeitet werden. Die Daten werden nach abgeschlossener Bearbeitung Ihrer Anfrage gel\u00f6scht. Hinweis: Sie k\u00f6nnen Ihre Einwilligung jederzeit f\u00fcr die Zukunft per E-Mail unter bus@mueckenhausen.de widerrufen. Detaillierte Informationen zum Umgang mit Nutzerdaten finden Sie in unserer Datenschutzerkl\u00e4rung.*<\/span>\r\n\t\t<\/label>\r\n\t\t\t<\/div>\r\n\t\t<div class=\"w-form-row-state\">Sie m\u00fcssen den Bedingungen zustimmen, um fortzufahren.<\/div>\r\n<\/div>\r\n<input type=\"hidden\" name=\"action\" value=\"us_ajax_cform\" \/>\r\n<input type=\"hidden\" name=\"post_id\" value=\"0\" \/>\r\n<input type=\"hidden\" name=\"form_index\" value=\"2\" \/>\r\n<div class=\"w-form-row for_submit  align_none\">\r\n\t<button class=\"w-btn  us-btn-style_1\" aria-label=\"Absenden\" type=\"submit\">\r\n\t\t<span class=\"g-preloader type_1\"><\/span>\r\n\t\t\t\t<span class=\"w-btn-label\">Absenden<\/span>\r\n\t\t\t<\/button>\r\n\t<\/div>\r\n<\/div><div class=\"w-form-message\"><\/div><div class=\"w-form-json hidden\" onclick='return {&quot;ajaxurl&quot;:&quot;https:\\\/\\\/mueckenhausen.de\\\/bus\\\/wp-admin\\\/admin-ajax.php&quot;,&quot;messages&quot;:{&quot;err_empty&quot;:&quot;Bitte f\\u00fcllen Sie dieses Feld aus.&quot;,&quot;err_size&quot;:&quot;Die Dateigr\\u00f6\\u00dfe darf %s MB nicht \\u00fcberschreiten&quot;,&quot;err_extension&quot;:&quot;Dateityp %s ist nicht zul\\u00e4ssig&quot;}}'><\/div><\/form><\/div><\/div><\/div><\/div><\/div><\/section>\n","protected":false},"excerpt":{"rendered":"Wenn der ber\u00fchmte Regenschirm im Bus verbleibt&#8230; &#8230; oder der Schl\u00fcssel, oder der Geldbeutel&#8230;Von A bis Z &#8211; t\u00e4glich bleiben die verschiedensten Gegenst\u00e4nde in einer Vielzahl unserer Busse liegen. Mit eurer Hilfe sorgen wir daf\u00fcr, dass alles so schnell wie m\u00f6glich wieder dahin kommt, wo es hin geh\u00f6rt! Verlorenes wiederfinden! Jetzt Verlorenes wiederfinden! Bitte f\u00fcllt...","protected":false},"author":2,"featured_media":1025,"parent":0,"menu_order":0,"comment_status":"closed","ping_status":"closed","template":"","meta":{"footnotes":""},"_links":{"self":[{"href":"https:\/\/mueckenhausen.de\/bus\/wp-json\/wp\/v2\/pages\/16"}],"collection":[{"href":"https:\/\/mueckenhausen.de\/bus\/wp-json\/wp\/v2\/pages"}],"about":[{"href":"https:\/\/mueckenhausen.de\/bus\/wp-json\/wp\/v2\/types\/page"}],"author":[{"embeddable":true,"href":"https:\/\/mueckenhausen.de\/bus\/wp-json\/wp\/v2\/users\/2"}],"replies":[{"embeddable":true,"href":"https:\/\/mueckenhausen.de\/bus\/wp-json\/wp\/v2\/comments?post=16"}],"version-history":[{"count":47,"href":"https:\/\/mueckenhausen.de\/bus\/wp-json\/wp\/v2\/pages\/16\/revisions"}],"predecessor-version":[{"id":1350,"href":"https:\/\/mueckenhausen.de\/bus\/wp-json\/wp\/v2\/pages\/16\/revisions\/1350"}],"wp:featuredmedia":[{"embeddable":true,"href":"https:\/\/mueckenhausen.de\/bus\/wp-json\/wp\/v2\/media\/1025"}],"wp:attachment":[{"href":"https:\/\/mueckenhausen.de\/bus\/wp-json\/wp\/v2\/media?parent=16"}],"curies":[{"name":"wp","href":"https:\/\/api.w.org\/{rel}","templated":true}]}}