{"id":2188,"date":"2024-02-08T14:59:54","date_gmt":"2024-02-08T13:59:54","guid":{"rendered":"https:\/\/mueckenhausen.de\/bus\/?page_id=2188"},"modified":"2026-02-13T12:52:20","modified_gmt":"2026-02-13T11:52:20","slug":"blaetterkatalog","status":"publish","type":"page","link":"https:\/\/mueckenhausen.de\/bus\/blaetterkatalog\/","title":{"rendered":"Bl\u00e4tterkatalog"},"content":{"rendered":"<section class=\"l-section wpb_row height_medium\"><div class=\"l-section-h i-cf\"><div class=\"g-cols vc_row via_flex valign_top type_default stacking_default\"><div class=\"vc_col-sm-12 wpb_column vc_column_container\"><div class=\"vc_column-inner\"><div class=\"wpb_wrapper\"><div class=\"wpb_text_column\"><div class=\"wpb_wrapper\"><h2 class=\"p1\">Wieder einmal Fernweh?<\/h2>\n<p class=\"p1\"><strong>Entdeckt mit M\u00fcckenhausen Bus die aufregendsten Reiseziele!<\/strong><\/p>\n<p dir=\"ltr\">Plant ihr bereits eure n\u00e4chsten Abenteuer? Dann lasst uns gemeinsam eine unvergessliche Reise gestalten, die euch zu den faszinierendsten Orten bringt. Mit unserem vielf\u00e4ltigen Reiseprogramm m\u00f6chten wir eure Reiselust wecken und euch unvergessliche Erlebnisse erm\u00f6glichen.<\/p>\n<p dir=\"ltr\">Unsere komfortablen Reisebusse bringen euch sicher und bequem zu den sch\u00f6nsten Destinationen Deutschlands und Europas. Bucht jetzt eure n\u00e4chste Reise und entdeckt die Welt mit uns. Kommt mit und lasst uns unvergessliche Erinnerungen schaffen!<\/p>\n<p class=\"p1\"><strong>Neugierig geworden? Dann gleich durchbl\u00e4ttern!<\/strong><\/p>\n<\/div><\/div><div class=\"w-separator size_medium\"><\/div><div class=\"w-image us_custom_f2eec366 align_none\"><a ref=\"magnificPopup\" href=\"https:\/\/mueckenhausen.de\/bus\/wp-content\/uploads\/sites\/4\/2026\/02\/Mueckenhausen_Pgr_26-1.jpg\" aria-label=\"Link\" class=\"w-image-h\"><img width=\"2000\" height=\"1414\" src=\"https:\/\/mueckenhausen.de\/bus\/wp-content\/uploads\/sites\/4\/2026\/02\/Mueckenhausen_Pgr_26-1.jpg\" class=\"attachment-full size-full\" alt=\"\" decoding=\"async\" loading=\"lazy\" srcset=\"https:\/\/mueckenhausen.de\/bus\/wp-content\/uploads\/sites\/4\/2026\/02\/Mueckenhausen_Pgr_26-1.jpg 2000w, https:\/\/mueckenhausen.de\/bus\/wp-content\/uploads\/sites\/4\/2026\/02\/Mueckenhausen_Pgr_26-1-300x212.jpg 300w, https:\/\/mueckenhausen.de\/bus\/wp-content\/uploads\/sites\/4\/2026\/02\/Mueckenhausen_Pgr_26-1-1024x724.jpg 1024w, https:\/\/mueckenhausen.de\/bus\/wp-content\/uploads\/sites\/4\/2026\/02\/Mueckenhausen_Pgr_26-1-600x424.jpg 600w, https:\/\/mueckenhausen.de\/bus\/wp-content\/uploads\/sites\/4\/2026\/02\/Mueckenhausen_Pgr_26-1-400x283.jpg 400w, https:\/\/mueckenhausen.de\/bus\/wp-content\/uploads\/sites\/4\/2026\/02\/Mueckenhausen_Pgr_26-1-250x177.jpg 250w, https:\/\/mueckenhausen.de\/bus\/wp-content\/uploads\/sites\/4\/2026\/02\/Mueckenhausen_Pgr_26-1-320x226.jpg 320w, https:\/\/mueckenhausen.de\/bus\/wp-content\/uploads\/sites\/4\/2026\/02\/Mueckenhausen_Pgr_26-1-200x141.jpg 200w\" sizes=\"(max-width: 2000px) 100vw, 2000px\" \/><\/a><\/div><div class=\"w-image align_none\"><a ref=\"magnificPopup\" href=\"https:\/\/mueckenhausen.de\/bus\/wp-content\/uploads\/sites\/4\/2026\/02\/Mueckenhausen_Pgr_26-2.jpg\" aria-label=\"Link\" class=\"w-image-h\"><img width=\"2000\" height=\"1414\" src=\"https:\/\/mueckenhausen.de\/bus\/wp-content\/uploads\/sites\/4\/2026\/02\/Mueckenhausen_Pgr_26-2.jpg\" class=\"attachment-full size-full\" alt=\"\" decoding=\"async\" loading=\"lazy\" srcset=\"https:\/\/mueckenhausen.de\/bus\/wp-content\/uploads\/sites\/4\/2026\/02\/Mueckenhausen_Pgr_26-2.jpg 2000w, https:\/\/mueckenhausen.de\/bus\/wp-content\/uploads\/sites\/4\/2026\/02\/Mueckenhausen_Pgr_26-2-300x212.jpg 300w, https:\/\/mueckenhausen.de\/bus\/wp-content\/uploads\/sites\/4\/2026\/02\/Mueckenhausen_Pgr_26-2-1024x724.jpg 1024w, https:\/\/mueckenhausen.de\/bus\/wp-content\/uploads\/sites\/4\/2026\/02\/Mueckenhausen_Pgr_26-2-600x424.jpg 600w, https:\/\/mueckenhausen.de\/bus\/wp-content\/uploads\/sites\/4\/2026\/02\/Mueckenhausen_Pgr_26-2-400x283.jpg 400w, https:\/\/mueckenhausen.de\/bus\/wp-content\/uploads\/sites\/4\/2026\/02\/Mueckenhausen_Pgr_26-2-250x177.jpg 250w, https:\/\/mueckenhausen.de\/bus\/wp-content\/uploads\/sites\/4\/2026\/02\/Mueckenhausen_Pgr_26-2-320x226.jpg 320w, https:\/\/mueckenhausen.de\/bus\/wp-content\/uploads\/sites\/4\/2026\/02\/Mueckenhausen_Pgr_26-2-200x141.jpg 200w\" sizes=\"(max-width: 2000px) 100vw, 2000px\" \/><\/a><\/div><div class=\"w-btn-wrapper align_center\"><a class=\"w-btn us-btn-style_3 us_custom_cdf14ffd icon_atleft\" target=\"_blank\" href=\"\/bus\/wp-content\/uploads\/sites\/4\/2026\/02\/Mueckenhausen_Pgr_26_3.pdf\"><i class=\"fas fa-download\"><\/i><span class=\"w-btn-label\">Flyer Download<\/span><\/a><\/div><\/div><\/div><\/div><\/div><\/div><\/section><section class=\"l-section wpb_row height_medium\"><div class=\"l-section-overlay\" style=\"background:var(--color-content-border)\"><\/div><div class=\"l-section-h i-cf\"><div class=\"g-cols vc_row via_flex valign_top type_default stacking_default\"><div class=\"vc_col-sm-12 wpb_column vc_column_container\"><div class=\"vc_column-inner\"><div class=\"wpb_wrapper\"><div class=\"wpb_text_column\"><div class=\"wpb_wrapper\"><h2>Reisekalender<\/h2>\n<\/div><\/div><div class=\"w-separator size_medium\"><\/div>[vc_raw_html]JTNDZGl2JTIwY2xhc3MlM0QlMjJ2aWRlb2JlcmVpY2glMjIlM0UlM0NpZnJhbWUlMjBjbGFzcyUzRCUyMnZpZGVvZXh0ZXJuJTIyJTIwd2lkdGglM0QlMjI1NjAlMjIlMjBoZWlnaHQlM0QlMjIzMTUlMjIlMjBzcmMlM0QlMjJodHRwcyUzQSUyRiUyRmt1c2NoaWNrLm11ZWNrZW5oYXVzZW4uZGUlMkZidXNwcm9uZXQlMkZyZWlzZWthbGVuZGVyMi5waHAlMjIlMjBmcmFtZWJvcmRlciUzRCUyMjAlMjIlM0UlM0MlMkZpZnJhbWUlM0UlM0MlMkZkaXYlM0U=[\/vc_raw_html]<\/div><\/div><\/div><\/div><\/div><\/section>\n","protected":false},"excerpt":{"rendered":"Wieder einmal Fernweh? Entdeckt mit M\u00fcckenhausen Bus die aufregendsten Reiseziele! Plant ihr bereits eure n\u00e4chsten Abenteuer? Dann lasst uns gemeinsam eine unvergessliche Reise gestalten, die euch zu den faszinierendsten Orten bringt. Mit unserem vielf\u00e4ltigen Reiseprogramm m\u00f6chten wir eure Reiselust wecken und euch unvergessliche Erlebnisse erm\u00f6glichen. Unsere komfortablen Reisebusse bringen euch sicher und bequem zu den...","protected":false},"author":2,"featured_media":2213,"parent":0,"menu_order":0,"comment_status":"closed","ping_status":"closed","template":"","meta":{"footnotes":""},"_links":{"self":[{"href":"https:\/\/mueckenhausen.de\/bus\/wp-json\/wp\/v2\/pages\/2188"}],"collection":[{"href":"https:\/\/mueckenhausen.de\/bus\/wp-json\/wp\/v2\/pages"}],"about":[{"href":"https:\/\/mueckenhausen.de\/bus\/wp-json\/wp\/v2\/types\/page"}],"author":[{"embeddable":true,"href":"https:\/\/mueckenhausen.de\/bus\/wp-json\/wp\/v2\/users\/2"}],"replies":[{"embeddable":true,"href":"https:\/\/mueckenhausen.de\/bus\/wp-json\/wp\/v2\/comments?post=2188"}],"version-history":[{"count":7,"href":"https:\/\/mueckenhausen.de\/bus\/wp-json\/wp\/v2\/pages\/2188\/revisions"}],"predecessor-version":[{"id":5826,"href":"https:\/\/mueckenhausen.de\/bus\/wp-json\/wp\/v2\/pages\/2188\/revisions\/5826"}],"wp:featuredmedia":[{"embeddable":true,"href":"https:\/\/mueckenhausen.de\/bus\/wp-json\/wp\/v2\/media\/2213"}],"wp:attachment":[{"href":"https:\/\/mueckenhausen.de\/bus\/wp-json\/wp\/v2\/media?parent=2188"}],"curies":[{"name":"wp","href":"https:\/\/api.w.org\/{rel}","templated":true}]}}